{"id":11534,"date":"2024-05-29T14:19:01","date_gmt":"2024-05-29T14:19:01","guid":{"rendered":"https:\/\/www.exporis.ch\/?page_id=11534"},"modified":"2024-07-23T13:10:00","modified_gmt":"2024-07-23T13:10:00","slug":"empreinte","status":"publish","type":"page","link":"https:\/\/www.exporis.ch\/fr\/empreinte\/","title":{"rendered":"Impression"},"content":{"rendered":"<div data-elementor-type=\"wp-page\" data-elementor-id=\"11534\" class=\"elementor elementor-11534\" data-elementor-post-type=\"page\">\n\t\t\t\t\t\t<section class=\"elementor-section elementor-top-section elementor-element elementor-element-c083e7e elementor-section-full_width elementor-section-height-min-height elementor-section-height-default elementor-section-items-middle\" data-id=\"c083e7e\" data-element_type=\"section\" data-settings=\"{&quot;background_background&quot;:&quot;classic&quot;}\">\n\t\t\t\t\t\t<div class=\"elementor-container elementor-column-gap-no\">\n\t\t\t\t\t<div class=\"elementor-column elementor-col-100 elementor-top-column elementor-element elementor-element-8e39d59\" data-id=\"8e39d59\" data-element_type=\"column\">\n\t\t\t<div class=\"elementor-widget-wrap elementor-element-populated\">\n\t\t\t\t\t\t<div class=\"elementor-element elementor-element-0bca9fc elementor-widget elementor-widget-leroux_core_section_title\" data-id=\"0bca9fc\" data-element_type=\"widget\" data-widget_type=\"leroux_core_section_title.default\">\n\t\t\t\t<div class=\"elementor-widget-container\">\n\t\t\t\t\t<div class=\"qodef-shortcode qodef-m  qodef-section-title qodef-alignment--center qodef-title-break--disabled\">\n\t\t<h2 class=\"qodef-m-title\" style=\"color: #FFFFFF\">\n\t\t\t\t\tImpression\t\t\t<\/h2>\n\t<\/div>\n\t\t\t\t<\/div>\n\t\t\t\t<\/div>\n\t\t\t\t\t<\/div>\n\t\t<\/div>\n\t\t\t\t\t<\/div>\n\t\t<\/section>\n\t\t<div class=\"elementor-element elementor-element-8eb5292 e-flex e-con-boxed e-con e-parent\" data-id=\"8eb5292\" data-element_type=\"container\">\n\t\t\t\t\t<div class=\"e-con-inner\">\n\t\t<div class=\"elementor-element elementor-element-a251973 e-con-full e-flex e-con e-child\" data-id=\"a251973\" data-element_type=\"container\">\n\t\t\t\t<div class=\"elementor-element elementor-element-66e31d7 elementor-widget__width-auto elementor-widget elementor-widget-heading\" data-id=\"66e31d7\" data-element_type=\"widget\" data-widget_type=\"heading.default\">\n\t\t\t\t<div class=\"elementor-widget-container\">\n\t\t\t\t\t<h5 class=\"elementor-heading-title elementor-size-default\">Exporis<\/h5>\t\t\t\t<\/div>\n\t\t\t\t<\/div>\n\t\t\t\t<div class=\"elementor-element elementor-element-456cea9 elementor-widget__width-auto elementor-widget elementor-widget-heading\" data-id=\"456cea9\" data-element_type=\"widget\" data-widget_type=\"heading.default\">\n\t\t\t\t<div class=\"elementor-widget-container\">\n\t\t\t\t\t<h5 class=\"elementor-heading-title elementor-size-default\">Directeur g\u00e9n\u00e9ral (PDG)<\/h5>\t\t\t\t<\/div>\n\t\t\t\t<\/div>\n\t\t\t\t<div class=\"elementor-element elementor-element-e139bd4 elementor-widget__width-auto elementor-widget elementor-widget-heading\" data-id=\"e139bd4\" data-element_type=\"widget\" data-widget_type=\"heading.default\">\n\t\t\t\t<div class=\"elementor-widget-container\">\n\t\t\t\t\t<h6 class=\"elementor-heading-title elementor-size-default\">M. S\u00e9bastien Ginalski<\/h6>\t\t\t\t<\/div>\n\t\t\t\t<\/div>\n\t\t\t\t<\/div>\n\t\t<div class=\"elementor-element elementor-element-5be4c2e e-con-full e-flex e-con e-child\" data-id=\"5be4c2e\" data-element_type=\"container\">\n\t\t\t\t<div class=\"elementor-element elementor-element-888e14d elementor-widget__width-auto elementor-widget elementor-widget-heading\" data-id=\"888e14d\" data-element_type=\"widget\" data-widget_type=\"heading.default\">\n\t\t\t\t<div class=\"elementor-widget-container\">\n\t\t\t\t\t<h5 class=\"elementor-heading-title elementor-size-default\">Contactez-nous :<\/h5>\t\t\t\t<\/div>\n\t\t\t\t<\/div>\n\t\t\t\t<div class=\"elementor-element elementor-element-3e16613 elementor-widget elementor-widget-leroux_core_icon_list_item\" data-id=\"3e16613\" data-element_type=\"widget\" data-widget_type=\"leroux_core_icon_list_item.default\">\n\t\t\t\t<div class=\"elementor-widget-container\">\n\t\t\t\t\t<div class=\"qodef-icon-list-item  qodef-icon--icon-pack\" >\n\t<p class=\"qodef-e-title\" >\n\t\t\t\t\t<span class=\"qodef-e-title-inner\">\n\t\t\t\t<span class=\"qodef-shortcode qodef-m  qodef-icon-holder  qodef-layout--normal\"  style=\"top: -1px\">\t\t\t<span class=\"qodef-icon-elegant-icons icon_pin_alt qodef-icon qodef-e\" style=\"font-size: 23px\" ><\/span>\t<\/span>\t\t\t\t<span class=\"qodef-e-title-text\"><span class=\"qodef-e-title-text-inner\">Chemin de Vers 42<br> 1228 Plan-les-Ouates (Gen\u00e8ve)<br> Suisse<\/span><\/span>\n\t\t\t<\/span>\n\t\t\t<\/p>\n<\/div>\n\t\t\t\t<\/div>\n\t\t\t\t<\/div>\n\t\t\t\t<div class=\"elementor-element elementor-element-4069e64 elementor-widget elementor-widget-leroux_core_icon_list_item\" data-id=\"4069e64\" data-element_type=\"widget\" data-widget_type=\"leroux_core_icon_list_item.default\">\n\t\t\t\t<div class=\"elementor-widget-container\">\n\t\t\t\t\t<div class=\"qodef-icon-list-item  qodef-icon--icon-pack\" >\n\t<p class=\"qodef-e-title\" >\n\t\t\t\t\t<a itemprop=\"url\" href=\"tel:+41793714495\" target=\"_self\">\n\t\t\t\t\t<span class=\"qodef-e-title-inner\">\n\t\t\t\t<span class=\"qodef-shortcode qodef-m  qodef-icon-holder  qodef-layout--normal\"  style=\"top: -1px\">\t\t\t<span class=\"qodef-icon-ionicons ion-ios-call qodef-icon qodef-e\" style=\"font-size: 25px\" ><\/span>\t<\/span>\t\t\t\t<span class=\"qodef-e-title-text\"><span class=\"qodef-e-title-text-inner\">+41 79 371 44 95<\/span><\/span>\n\t\t\t<\/span>\n\t\t\t\t\t<\/a>\n\t\t\t<\/p>\n<\/div>\n\t\t\t\t<\/div>\n\t\t\t\t<\/div>\n\t\t\t\t<div class=\"elementor-element elementor-element-84b9838 elementor-widget elementor-widget-leroux_core_icon_list_item\" data-id=\"84b9838\" data-element_type=\"widget\" data-widget_type=\"leroux_core_icon_list_item.default\">\n\t\t\t\t<div class=\"elementor-widget-container\">\n\t\t\t\t\t<div class=\"qodef-icon-list-item  qodef-icon--icon-pack\" >\n\t<p class=\"qodef-e-title\" >\n\t\t\t\t\t<a itemprop=\"url\" href=\"mailto:info@exporis.ch\" target=\"_self\">\n\t\t\t\t\t<span class=\"qodef-e-title-inner\">\n\t\t\t\t<span class=\"qodef-shortcode qodef-m  qodef-icon-holder  qodef-layout--normal\"  style=\"top: -3px\">\t\t\t<span class=\"qodef-icon-elegant-icons icon_mail_alt qodef-icon qodef-e\" style=\"font-size: 19px\" ><\/span>\t<\/span>\t\t\t\t<span class=\"qodef-e-title-text\"><span class=\"qodef-e-title-text-inner\">info@exporis.ch<\/span><\/span>\n\t\t\t<\/span>\n\t\t\t\t\t<\/a>\n\t\t\t<\/p>\n<\/div>\n\t\t\t\t<\/div>\n\t\t\t\t<\/div>\n\t\t\t\t<\/div>\n\t\t\t\t\t<\/div>\n\t\t\t\t<\/div>\n\t\t\t\t<section class=\"elementor-section elementor-top-section elementor-element elementor-element-0d0b0da elementor-section-boxed elementor-section-height-default elementor-section-height-default\" data-id=\"0d0b0da\" data-element_type=\"section\" data-settings=\"{&quot;background_background&quot;:&quot;classic&quot;}\">\n\t\t\t\t\t\t<div class=\"elementor-container elementor-column-gap-no\">\n\t\t\t\t\t<div class=\"elementor-column elementor-col-100 elementor-top-column elementor-element elementor-element-345bdc1\" data-id=\"345bdc1\" data-element_type=\"column\">\n\t\t\t<div class=\"elementor-widget-wrap elementor-element-populated\">\n\t\t\t\t\t\t<div class=\"elementor-element elementor-element-85a2215 elementor-widget__width-auto elementor-widget elementor-widget-heading\" data-id=\"85a2215\" data-element_type=\"widget\" data-widget_type=\"heading.default\">\n\t\t\t\t<div class=\"elementor-widget-container\">\n\t\t\t\t\t<h5 class=\"elementor-heading-title elementor-size-default\">Avis juridique :<\/h5>\t\t\t\t<\/div>\n\t\t\t\t<\/div>\n\t\t\t\t<div class=\"elementor-element elementor-element-db5ae7f elementor-widget elementor-widget-text-editor\" data-id=\"db5ae7f\" data-element_type=\"widget\" data-widget_type=\"text-editor.default\">\n\t\t\t\t<div class=\"elementor-widget-container\">\n\t\t\t\t\t\t\t\t\t<p><span style=\"font-weight: 400;\">Le contenu et la structure du site exporis.ch sont prot\u00e9g\u00e9s par le droit d'auteur. La publication de textes et d'images, ainsi que la reproduction, la modification et la diffusion d'informations ou de donn\u00e9es provenant de ces pages ne peuvent \u00eatre effectu\u00e9es qu'avec l'accord pr\u00e9alable d'Exporis.<\/span><\/p><p><span style=\"font-weight: 400;\">Nous v\u00e9rifions et mettons r\u00e9guli\u00e8rement \u00e0 jour le contenu du site exporis.ch. Malgr\u00e9 tout le soin apport\u00e9, nous d\u00e9clinons toute responsabilit\u00e9 quant \u00e0 l'exactitude, l'exhaustivit\u00e9 et l'actualit\u00e9 des informations fournies. Il en va de m\u00eame pour les sites web tiers auxquels exporis.ch renvoie par des liens hypertextes. Exporis.ch n'est pas responsable du contenu de ces sites web.<\/span><\/p>\t\t\t\t\t\t\t\t<\/div>\n\t\t\t\t<\/div>\n\t\t\t\t\t<\/div>\n\t\t<\/div>\n\t\t\t\t\t<\/div>\n\t\t<\/section>\n\t\t\t\t<\/div>","protected":false},"excerpt":{"rendered":"<p>Imprint Exporis Chief Operating Officer (CEO) Mr. Sebastien Ginalski Contact Us: Chemin de Vers 42 1228 Plan-les-Ouates (Geneva) Switzerland +41 79 371 44 95 info@exporis.ch Legal Notice: The content and structure of exporis.ch are protected by copyright. The publication of text and image material, as well as the reproduction, modification, and distribution of information or [&hellip;]<\/p>","protected":false},"author":2,"featured_media":0,"parent":0,"menu_order":0,"comment_status":"closed","ping_status":"closed","template":"page-full-width.php","meta":{"footnotes":""},"class_list":["post-11534","page","type-page","status-publish","hentry"],"yoast_head":"<!-- This site is optimized with the Yoast SEO plugin v26.9 - https:\/\/yoast.com\/product\/yoast-seo-wordpress\/ -->\n<title>Imprint - Exporis<\/title>\n<meta name=\"robots\" content=\"index, follow, max-snippet:-1, max-image-preview:large, max-video-preview:-1\" \/>\n<link rel=\"canonical\" href=\"https:\/\/www.exporis.ch\/fr\/empreinte\/\" \/>\n<meta property=\"og:locale\" content=\"fr_FR\" \/>\n<meta property=\"og:type\" content=\"article\" \/>\n<meta property=\"og:title\" content=\"Imprint - Exporis\" \/>\n<meta property=\"og:description\" content=\"Imprint Exporis Chief Operating Officer (CEO) Mr. Sebastien Ginalski Contact Us: Chemin de Vers 42 1228 Plan-les-Ouates (Geneva) Switzerland +41 79 371 44 95 info@exporis.ch Legal Notice: The content and structure of exporis.ch are protected by copyright. The publication of text and image material, as well as the reproduction, modification, and distribution of information or [&hellip;]\" \/>\n<meta property=\"og:url\" content=\"https:\/\/www.exporis.ch\/fr\/empreinte\/\" \/>\n<meta property=\"og:site_name\" content=\"Exporis\" \/>\n<meta property=\"article:modified_time\" content=\"2024-07-23T13:10:00+00:00\" \/>\n<meta name=\"twitter:card\" content=\"summary_large_image\" \/>\n<meta name=\"twitter:label1\" content=\"Dur\u00e9e de lecture estim\u00e9e\" \/>\n\t<meta name=\"twitter:data1\" content=\"1 minute\" \/>\n<script type=\"application\/ld+json\" class=\"yoast-schema-graph\">{\"@context\":\"https:\/\/schema.org\",\"@graph\":[{\"@type\":\"WebPage\",\"@id\":\"https:\/\/www.exporis.ch\/imprint\/\",\"url\":\"https:\/\/www.exporis.ch\/imprint\/\",\"name\":\"Imprint - Exporis\",\"isPartOf\":{\"@id\":\"https:\/\/www.exporis.ch\/#website\"},\"datePublished\":\"2024-05-29T14:19:01+00:00\",\"dateModified\":\"2024-07-23T13:10:00+00:00\",\"breadcrumb\":{\"@id\":\"https:\/\/www.exporis.ch\/imprint\/#breadcrumb\"},\"inLanguage\":\"fr-FR\",\"potentialAction\":[{\"@type\":\"ReadAction\",\"target\":[\"https:\/\/www.exporis.ch\/imprint\/\"]}]},{\"@type\":\"BreadcrumbList\",\"@id\":\"https:\/\/www.exporis.ch\/imprint\/#breadcrumb\",\"itemListElement\":[{\"@type\":\"ListItem\",\"position\":1,\"name\":\"Home\",\"item\":\"https:\/\/www.exporis.ch\/\"},{\"@type\":\"ListItem\",\"position\":2,\"name\":\"Imprint\"}]},{\"@type\":\"WebSite\",\"@id\":\"https:\/\/www.exporis.ch\/#website\",\"url\":\"https:\/\/www.exporis.ch\/\",\"name\":\"Exporis\",\"description\":\"Stay Ahead Of The Game\",\"potentialAction\":[{\"@type\":\"SearchAction\",\"target\":{\"@type\":\"EntryPoint\",\"urlTemplate\":\"https:\/\/www.exporis.ch\/?s={search_term_string}\"},\"query-input\":{\"@type\":\"PropertyValueSpecification\",\"valueRequired\":true,\"valueName\":\"search_term_string\"}}],\"inLanguage\":\"fr-FR\"}]}<\/script>\n<!-- \/ Yoast SEO plugin. -->","yoast_head_json":{"title":"Mentions l\u00e9gales - Exporis","robots":{"index":"index","follow":"follow","max-snippet":"max-snippet:-1","max-image-preview":"max-image-preview:large","max-video-preview":"max-video-preview:-1"},"canonical":"https:\/\/www.exporis.ch\/fr\/empreinte\/","og_locale":"fr_FR","og_type":"article","og_title":"Imprint - Exporis","og_description":"Imprint Exporis Chief Operating Officer (CEO) Mr. Sebastien Ginalski Contact Us: Chemin de Vers 42 1228 Plan-les-Ouates (Geneva) Switzerland +41 79 371 44 95 info@exporis.ch Legal Notice: The content and structure of exporis.ch are protected by copyright. The publication of text and image material, as well as the reproduction, modification, and distribution of information or [&hellip;]","og_url":"https:\/\/www.exporis.ch\/fr\/empreinte\/","og_site_name":"Exporis","article_modified_time":"2024-07-23T13:10:00+00:00","twitter_card":"summary_large_image","twitter_misc":{"Dur\u00e9e de lecture estim\u00e9e":"1 minute"},"schema":{"@context":"https:\/\/schema.org","@graph":[{"@type":"WebPage","@id":"https:\/\/www.exporis.ch\/imprint\/","url":"https:\/\/www.exporis.ch\/imprint\/","name":"Mentions l\u00e9gales - Exporis","isPartOf":{"@id":"https:\/\/www.exporis.ch\/#website"},"datePublished":"2024-05-29T14:19:01+00:00","dateModified":"2024-07-23T13:10:00+00:00","breadcrumb":{"@id":"https:\/\/www.exporis.ch\/imprint\/#breadcrumb"},"inLanguage":"fr-FR","potentialAction":[{"@type":"ReadAction","target":["https:\/\/www.exporis.ch\/imprint\/"]}]},{"@type":"BreadcrumbList","@id":"https:\/\/www.exporis.ch\/imprint\/#breadcrumb","itemListElement":[{"@type":"ListItem","position":1,"name":"Home","item":"https:\/\/www.exporis.ch\/"},{"@type":"ListItem","position":2,"name":"Imprint"}]},{"@type":"WebSite","@id":"https:\/\/www.exporis.ch\/#website","url":"https:\/\/www.exporis.ch\/","name":"Exporis","description":"Gardez une longueur d'avance","potentialAction":[{"@type":"SearchAction","target":{"@type":"EntryPoint","urlTemplate":"https:\/\/www.exporis.ch\/?s={search_term_string}"},"query-input":{"@type":"PropertyValueSpecification","valueRequired":true,"valueName":"search_term_string"}}],"inLanguage":"fr-FR"}]}},"_links":{"self":[{"href":"https:\/\/www.exporis.ch\/fr\/wp-json\/wp\/v2\/pages\/11534","targetHints":{"allow":["GET"]}}],"collection":[{"href":"https:\/\/www.exporis.ch\/fr\/wp-json\/wp\/v2\/pages"}],"about":[{"href":"https:\/\/www.exporis.ch\/fr\/wp-json\/wp\/v2\/types\/page"}],"author":[{"embeddable":true,"href":"https:\/\/www.exporis.ch\/fr\/wp-json\/wp\/v2\/users\/2"}],"replies":[{"embeddable":true,"href":"https:\/\/www.exporis.ch\/fr\/wp-json\/wp\/v2\/comments?post=11534"}],"version-history":[{"count":28,"href":"https:\/\/www.exporis.ch\/fr\/wp-json\/wp\/v2\/pages\/11534\/revisions"}],"predecessor-version":[{"id":13380,"href":"https:\/\/www.exporis.ch\/fr\/wp-json\/wp\/v2\/pages\/11534\/revisions\/13380"}],"wp:attachment":[{"href":"https:\/\/www.exporis.ch\/fr\/wp-json\/wp\/v2\/media?parent=11534"}],"curies":[{"name":"wp","href":"https:\/\/api.w.org\/{rel}","templated":true}]}}