{"id":11526,"date":"2024-05-29T14:11:43","date_gmt":"2024-05-29T14:11:43","guid":{"rendered":"https:\/\/www.exporis.ch\/?page_id=11526"},"modified":"2024-05-29T14:17:13","modified_gmt":"2024-05-29T14:17:13","slug":"protection-des-donnees","status":"publish","type":"page","link":"https:\/\/www.exporis.ch\/fr\/protection-des-donnees\/","title":{"rendered":"Protection des donn\u00e9es"},"content":{"rendered":"<div data-elementor-type=\"wp-page\" data-elementor-id=\"11526\" class=\"elementor elementor-11526\" data-elementor-post-type=\"page\">\n\t\t\t\t\t\t<section class=\"elementor-section elementor-top-section elementor-element elementor-element-c083e7e elementor-section-full_width elementor-section-height-min-height elementor-section-height-default elementor-section-items-middle\" data-id=\"c083e7e\" data-element_type=\"section\" data-settings=\"{&quot;background_background&quot;:&quot;classic&quot;}\">\n\t\t\t\t\t\t<div class=\"elementor-container elementor-column-gap-no\">\n\t\t\t\t\t<div class=\"elementor-column elementor-col-100 elementor-top-column elementor-element elementor-element-8e39d59\" data-id=\"8e39d59\" data-element_type=\"column\">\n\t\t\t<div class=\"elementor-widget-wrap\">\n\t\t\t\t\t\t\t<\/div>\n\t\t<\/div>\n\t\t\t\t\t<\/div>\n\t\t<\/section>\n\t\t\t\t<section class=\"elementor-section elementor-top-section elementor-element elementor-element-f1d4fd1 elementor-section-boxed elementor-section-height-default elementor-section-height-default\" data-id=\"f1d4fd1\" data-element_type=\"section\" data-settings=\"{&quot;background_background&quot;:&quot;classic&quot;}\">\n\t\t\t\t\t\t<div class=\"elementor-container elementor-column-gap-no\">\n\t\t\t\t\t<div class=\"elementor-column elementor-col-100 elementor-top-column elementor-element elementor-element-d4158d3\" data-id=\"d4158d3\" data-element_type=\"column\">\n\t\t\t<div class=\"elementor-widget-wrap elementor-element-populated\">\n\t\t\t\t\t\t<div class=\"elementor-element elementor-element-0bca9fc elementor-widget elementor-widget-leroux_core_section_title\" data-id=\"0bca9fc\" data-element_type=\"widget\" data-widget_type=\"leroux_core_section_title.default\">\n\t\t\t\t<div class=\"elementor-widget-container\">\n\t\t\t\t\t<div class=\"qodef-shortcode qodef-m  qodef-section-title qodef-alignment--left qodef-title-break--disabled\">\n\t\t<h2 class=\"qodef-m-title\" >\n\t\t\t\t\tProtection des donn\u00e9es\t\t\t<\/h2>\n\t<\/div>\n\t\t\t\t<\/div>\n\t\t\t\t<\/div>\n\t\t\t\t<div class=\"elementor-element elementor-element-d9e8d07 elementor-widget elementor-widget-text-editor\" data-id=\"d9e8d07\" data-element_type=\"widget\" data-widget_type=\"text-editor.default\">\n\t\t\t\t<div class=\"elementor-widget-container\">\n\t\t\t\t\t\t\t\t\t<p><b>Exporis accorde une grande importance \u00e0 la confidentialit\u00e9, \u00e0 la disponibilit\u00e9 et \u00e0 l'int\u00e9grit\u00e9 des informations. Nous avons donc pris des mesures importantes pour garantir la meilleure protection possible des informations sensibles et confidentielles.\u00a0<\/b><\/p><p><span style=\"font-weight: 400;\">Notre syst\u00e8me de gestion de la s\u00e9curit\u00e9 de l'information, mis en place en 2020, a pour mission de cr\u00e9er, de maintenir et d'am\u00e9liorer en permanence le traitement s\u00e9curis\u00e9 des informations \u00e0 tous les niveaux dans le cadre d'un processus d'am\u00e9lioration continue. Nous avons d\u00e9fini des responsabilit\u00e9s et des processus clairs et fourni les ressources n\u00e9cessaires \u00e0 cette fin. Notre directive sur la s\u00e9curit\u00e9 de l'information contient les informations les plus importantes \u00e0 ce sujet.<\/span><\/p><p><span style=\"font-weight: 400;\">Notre administration informatique est charg\u00e9e de traiter rapidement les incidents de s\u00e9curit\u00e9, d'en informer imm\u00e9diatement l'ISB et, si cela concerne la protection des donn\u00e9es, le DPD. Les obligations contractuelles envers les clients et les obligations l\u00e9gales envers les autorit\u00e9s (protection des donn\u00e9es) doivent \u00e9galement \u00eatre prises en compte.<\/span><\/p><p><span style=\"font-weight: 400;\">La direction (direction cr\u00e9ative, chefs d'\u00e9quipe) sensibilise les membres de son \u00e9quipe \u00e0 la classification et au traitement appropri\u00e9s des informations dans le cadre de nos projets et en cas d'incidents de s\u00e9curit\u00e9 ou de situations de crise ou d'urgence.\u00a0\u00a0<\/span><\/p><p><span style=\"font-weight: 400;\">Nos coll\u00e8gues sont responsables de la protection de l'int\u00e9grit\u00e9, de la disponibilit\u00e9 et de la confidentialit\u00e9 des actifs informationnels dont ils sont propri\u00e9taires. Ils signalent imm\u00e9diatement tout incident \u00e0 l'administration informatique.\u00a0<\/span><\/p><p><b>Signalement des incidents li\u00e9s \u00e0 la s\u00e9curit\u00e9 de l'information pour les clients et les partenaires : <\/b><b>contact<\/b><\/p>\t\t\t\t\t\t\t\t<\/div>\n\t\t\t\t<\/div>\n\t\t\t\t\t<\/div>\n\t\t<\/div>\n\t\t\t\t\t<\/div>\n\t\t<\/section>\n\t\t\t\t<\/div>","protected":false},"excerpt":{"rendered":"<p>Data Protection Exporis places a high value on confidentiality, availability, and information integrity. We have therefore taken extensive measures to ensure the best possible protection of sensitive and confidential information.\u00a0 Our information security management system, established in 2020, has the task of creating, maintaining, and continuously improving the secure handling of information at all levels [&hellip;]<\/p>","protected":false},"author":2,"featured_media":0,"parent":0,"menu_order":0,"comment_status":"closed","ping_status":"closed","template":"page-full-width.php","meta":{"footnotes":""},"class_list":["post-11526","page","type-page","status-publish","hentry"],"yoast_head":"<!-- This site is optimized with the Yoast SEO plugin v26.9 - https:\/\/yoast.com\/product\/yoast-seo-wordpress\/ -->\n<title>Data Protection - Exporis<\/title>\n<meta name=\"robots\" content=\"index, follow, max-snippet:-1, max-image-preview:large, max-video-preview:-1\" \/>\n<link rel=\"canonical\" href=\"https:\/\/www.exporis.ch\/fr\/protection-des-donnees\/\" \/>\n<meta property=\"og:locale\" content=\"fr_FR\" \/>\n<meta property=\"og:type\" content=\"article\" \/>\n<meta property=\"og:title\" content=\"Data Protection - Exporis\" \/>\n<meta property=\"og:description\" content=\"Data Protection Exporis places a high value on confidentiality, availability, and information integrity. We have therefore taken extensive measures to ensure the best possible protection of sensitive and confidential information.\u00a0 Our information security management system, established in 2020, has the task of creating, maintaining, and continuously improving the secure handling of information at all levels [&hellip;]\" \/>\n<meta property=\"og:url\" content=\"https:\/\/www.exporis.ch\/fr\/protection-des-donnees\/\" \/>\n<meta property=\"og:site_name\" content=\"Exporis\" \/>\n<meta property=\"article:modified_time\" content=\"2024-05-29T14:17:13+00:00\" \/>\n<meta name=\"twitter:card\" content=\"summary_large_image\" \/>\n<meta name=\"twitter:label1\" content=\"Dur\u00e9e de lecture estim\u00e9e\" \/>\n\t<meta name=\"twitter:data1\" content=\"1 minute\" \/>\n<script type=\"application\/ld+json\" class=\"yoast-schema-graph\">{\"@context\":\"https:\/\/schema.org\",\"@graph\":[{\"@type\":\"WebPage\",\"@id\":\"https:\/\/www.exporis.ch\/data-protection\/\",\"url\":\"https:\/\/www.exporis.ch\/data-protection\/\",\"name\":\"Data Protection - Exporis\",\"isPartOf\":{\"@id\":\"https:\/\/www.exporis.ch\/#website\"},\"datePublished\":\"2024-05-29T14:11:43+00:00\",\"dateModified\":\"2024-05-29T14:17:13+00:00\",\"breadcrumb\":{\"@id\":\"https:\/\/www.exporis.ch\/data-protection\/#breadcrumb\"},\"inLanguage\":\"fr-FR\",\"potentialAction\":[{\"@type\":\"ReadAction\",\"target\":[\"https:\/\/www.exporis.ch\/data-protection\/\"]}]},{\"@type\":\"BreadcrumbList\",\"@id\":\"https:\/\/www.exporis.ch\/data-protection\/#breadcrumb\",\"itemListElement\":[{\"@type\":\"ListItem\",\"position\":1,\"name\":\"Home\",\"item\":\"https:\/\/www.exporis.ch\/\"},{\"@type\":\"ListItem\",\"position\":2,\"name\":\"Data Protection\"}]},{\"@type\":\"WebSite\",\"@id\":\"https:\/\/www.exporis.ch\/#website\",\"url\":\"https:\/\/www.exporis.ch\/\",\"name\":\"Exporis\",\"description\":\"Stay Ahead Of The Game\",\"potentialAction\":[{\"@type\":\"SearchAction\",\"target\":{\"@type\":\"EntryPoint\",\"urlTemplate\":\"https:\/\/www.exporis.ch\/?s={search_term_string}\"},\"query-input\":{\"@type\":\"PropertyValueSpecification\",\"valueRequired\":true,\"valueName\":\"search_term_string\"}}],\"inLanguage\":\"fr-FR\"}]}<\/script>\n<!-- \/ Yoast SEO plugin. -->","yoast_head_json":{"title":"Protection des donn\u00e9es - Exporis","robots":{"index":"index","follow":"follow","max-snippet":"max-snippet:-1","max-image-preview":"max-image-preview:large","max-video-preview":"max-video-preview:-1"},"canonical":"https:\/\/www.exporis.ch\/fr\/protection-des-donnees\/","og_locale":"fr_FR","og_type":"article","og_title":"Data Protection - Exporis","og_description":"Data Protection Exporis places a high value on confidentiality, availability, and information integrity. We have therefore taken extensive measures to ensure the best possible protection of sensitive and confidential information.\u00a0 Our information security management system, established in 2020, has the task of creating, maintaining, and continuously improving the secure handling of information at all levels [&hellip;]","og_url":"https:\/\/www.exporis.ch\/fr\/protection-des-donnees\/","og_site_name":"Exporis","article_modified_time":"2024-05-29T14:17:13+00:00","twitter_card":"summary_large_image","twitter_misc":{"Dur\u00e9e de lecture estim\u00e9e":"1 minute"},"schema":{"@context":"https:\/\/schema.org","@graph":[{"@type":"WebPage","@id":"https:\/\/www.exporis.ch\/data-protection\/","url":"https:\/\/www.exporis.ch\/data-protection\/","name":"Protection des donn\u00e9es - Exporis","isPartOf":{"@id":"https:\/\/www.exporis.ch\/#website"},"datePublished":"2024-05-29T14:11:43+00:00","dateModified":"2024-05-29T14:17:13+00:00","breadcrumb":{"@id":"https:\/\/www.exporis.ch\/data-protection\/#breadcrumb"},"inLanguage":"fr-FR","potentialAction":[{"@type":"ReadAction","target":["https:\/\/www.exporis.ch\/data-protection\/"]}]},{"@type":"BreadcrumbList","@id":"https:\/\/www.exporis.ch\/data-protection\/#breadcrumb","itemListElement":[{"@type":"ListItem","position":1,"name":"Home","item":"https:\/\/www.exporis.ch\/"},{"@type":"ListItem","position":2,"name":"Data Protection"}]},{"@type":"WebSite","@id":"https:\/\/www.exporis.ch\/#website","url":"https:\/\/www.exporis.ch\/","name":"Exporis","description":"Gardez une longueur d'avance","potentialAction":[{"@type":"SearchAction","target":{"@type":"EntryPoint","urlTemplate":"https:\/\/www.exporis.ch\/?s={search_term_string}"},"query-input":{"@type":"PropertyValueSpecification","valueRequired":true,"valueName":"search_term_string"}}],"inLanguage":"fr-FR"}]}},"_links":{"self":[{"href":"https:\/\/www.exporis.ch\/fr\/wp-json\/wp\/v2\/pages\/11526","targetHints":{"allow":["GET"]}}],"collection":[{"href":"https:\/\/www.exporis.ch\/fr\/wp-json\/wp\/v2\/pages"}],"about":[{"href":"https:\/\/www.exporis.ch\/fr\/wp-json\/wp\/v2\/types\/page"}],"author":[{"embeddable":true,"href":"https:\/\/www.exporis.ch\/fr\/wp-json\/wp\/v2\/users\/2"}],"replies":[{"embeddable":true,"href":"https:\/\/www.exporis.ch\/fr\/wp-json\/wp\/v2\/comments?post=11526"}],"version-history":[{"count":7,"href":"https:\/\/www.exporis.ch\/fr\/wp-json\/wp\/v2\/pages\/11526\/revisions"}],"predecessor-version":[{"id":11533,"href":"https:\/\/www.exporis.ch\/fr\/wp-json\/wp\/v2\/pages\/11526\/revisions\/11533"}],"wp:attachment":[{"href":"https:\/\/www.exporis.ch\/fr\/wp-json\/wp\/v2\/media?parent=11526"}],"curies":[{"name":"wp","href":"https:\/\/api.w.org\/{rel}","templated":true}]}}